{"id":7286,"date":"2024-11-21T09:49:56","date_gmt":"2024-11-21T08:49:56","guid":{"rendered":"https:\/\/www.campingmediterraneo.it\/veneto-the-land-of-venice\/"},"modified":"2026-03-27T10:54:14","modified_gmt":"2026-03-27T09:54:14","slug":"veneto-the-land-of-venice","status":"publish","type":"page","link":"https:\/\/www.campingmediterraneo.it\/en\/veneto-the-land-of-venice\/","title":{"rendered":"Veneto The Land of Venice"},"content":{"rendered":"\t\t<div data-elementor-type=\"wp-page\" data-elementor-id=\"7286\" class=\"elementor elementor-7286 elementor-7218\" data-elementor-post-type=\"page\">\n\t\t\t\t<div class=\"elementor-element elementor-element-d457b8c e-flex e-con-boxed e-con e-parent\" data-id=\"d457b8c\" data-element_type=\"container\" data-e-type=\"container\" data-settings=\"{&quot;background_background&quot;:&quot;classic&quot;}\">\n\t\t\t\t\t<div class=\"e-con-inner\">\n\t\t\t\t<div class=\"elementor-element elementor-element-eeda450 elementor-hidden-mobile elementor-invisible elementor-widget elementor-widget-template\" data-id=\"eeda450\" data-element_type=\"widget\" data-e-type=\"widget\" data-settings=\"{&quot;_animation&quot;:&quot;fadeInUp&quot;}\" data-widget_type=\"template.default\">\n\t\t\t\t<div class=\"elementor-widget-container\">\n\t\t\t\t\t\t\t<div class=\"elementor-template\">\n\t\t\t\t\t<div data-elementor-type=\"container\" data-elementor-id=\"12469\" class=\"elementor elementor-12469 elementor-9587 elementor-9587\" data-elementor-post-type=\"elementor_library\">\n\t\t\t\t<a class=\"elementor-element elementor-element-3381a42 e-con-full e-flex e-con e-child\" data-id=\"3381a42\" data-element_type=\"container\" data-e-type=\"container\" href=\"#esplora\" aria-label=\"Bring to content\">\n\t\t\t\t<div class=\"elementor-element elementor-element-8ccec10 elementor-widget elementor-widget-heading\" data-id=\"8ccec10\" data-element_type=\"widget\" data-e-type=\"widget\" data-widget_type=\"heading.default\">\n\t\t\t\t<div class=\"elementor-widget-container\">\n\t\t\t\t\t<div class=\"elementor-heading-title elementor-size-default\"><a href=\"#esplora\" aria-label=\"Bring to content\">EXPLORE<\/a><\/div>\t\t\t\t<\/div>\n\t\t\t\t<\/div>\n\t\t\t\t<div class=\"elementor-element elementor-element-a5037d4 elementor-view-default elementor-widget elementor-widget-icon\" data-id=\"a5037d4\" data-element_type=\"widget\" data-e-type=\"widget\" data-widget_type=\"icon.default\">\n\t\t\t\t<div class=\"elementor-widget-container\">\n\t\t\t\t\t\t\t<div class=\"elementor-icon-wrapper\">\n\t\t\t<a class=\"elementor-icon\" href=\"#esplora\" aria-label=\"Bring to content\">\n\t\t\t<svg xmlns=\"http:\/\/www.w3.org\/2000\/svg\" id=\"Livello_1\" viewBox=\"0 0 30 30\"><defs><style>      .st0 {        fill-rule: evenodd;      }    <\/style><\/defs><path class=\"st0\" d=\"M15.4,25.8l11.1-9.8.5.5-11.7,10.4-.3.2-.3-.2L3,16.4l.5-.5,11.1,9.8V3h.7v22.8Z\"><\/path><\/svg>\t\t\t<\/a>\n\t\t<\/div>\n\t\t\t\t\t\t<\/div>\n\t\t\t\t<\/div>\n\t\t\t\t<\/a>\n\t\t\t\t<\/div>\n\t\t\t\t<\/div>\n\t\t\t\t\t\t<\/div>\n\t\t\t\t<\/div>\n\t\t\t\t\t<\/div>\n\t\t\t\t<\/div>\n\t\t<div class=\"elementor-element elementor-element-f304d74 e-flex e-con-boxed e-con e-parent\" data-id=\"f304d74\" data-element_type=\"container\" data-e-type=\"container\" id=\"esplora\">\n\t\t\t\t\t<div class=\"e-con-inner\">\n\t\t\t\t<div class=\"elementor-element elementor-element-556a794 elementor-widget elementor-widget-spacer\" data-id=\"556a794\" data-element_type=\"widget\" data-e-type=\"widget\" data-widget_type=\"spacer.default\">\n\t\t\t\t<div class=\"elementor-widget-container\">\n\t\t\t\t\t\t\t<div class=\"elementor-spacer\">\n\t\t\t<div class=\"elementor-spacer-inner\"><\/div>\n\t\t<\/div>\n\t\t\t\t\t\t<\/div>\n\t\t\t\t<\/div>\n\t\t\t\t\t<\/div>\n\t\t\t\t<\/div>\n\t\t<div class=\"elementor-element elementor-element-09f473e e-flex e-con-boxed e-con e-parent\" data-id=\"09f473e\" data-element_type=\"container\" data-e-type=\"container\">\n\t\t\t\t\t<div class=\"e-con-inner\">\n\t\t\t\t<div class=\"elementor-element elementor-element-dd3a74b elementor-widget elementor-widget-image\" data-id=\"dd3a74b\" data-element_type=\"widget\" data-e-type=\"widget\" data-widget_type=\"image.default\">\n\t\t\t\t<div class=\"elementor-widget-container\">\n\t\t\t\t\t\t\t\t\t\t\t\t\t\t\t<img fetchpriority=\"high\" decoding=\"async\" width=\"800\" height=\"264\" src=\"https:\/\/www.campingmediterraneo.it\/wp-content\/uploads\/2024\/11\/ParcoTuristicoCavallinoTreporti_logo-1024x338.png\" class=\"attachment-large size-large wp-image-7118\" alt=\"\" srcset=\"https:\/\/www.campingmediterraneo.it\/wp-content\/uploads\/2024\/11\/ParcoTuristicoCavallinoTreporti_logo-1024x338.png 1024w, https:\/\/www.campingmediterraneo.it\/wp-content\/uploads\/2024\/11\/ParcoTuristicoCavallinoTreporti_logo-300x99.png 300w, https:\/\/www.campingmediterraneo.it\/wp-content\/uploads\/2024\/11\/ParcoTuristicoCavallinoTreporti_logo-768x254.png 768w, https:\/\/www.campingmediterraneo.it\/wp-content\/uploads\/2024\/11\/ParcoTuristicoCavallinoTreporti_logo-1536x508.png 1536w, https:\/\/www.campingmediterraneo.it\/wp-content\/uploads\/2024\/11\/ParcoTuristicoCavallinoTreporti_logo.png 1604w\" sizes=\"(max-width: 800px) 100vw, 800px\" \/>\t\t\t\t\t\t\t\t\t\t\t\t\t\t\t<\/div>\n\t\t\t\t<\/div>\n\t\t\t\t\t<\/div>\n\t\t\t\t<\/div>\n\t\t<div class=\"elementor-element elementor-element-dc5bb23 e-flex e-con-boxed e-con e-parent\" data-id=\"dc5bb23\" data-element_type=\"container\" data-e-type=\"container\">\n\t\t\t\t\t<div class=\"e-con-inner\">\n\t\t\t\t<div class=\"elementor-element elementor-element-1e88a95 elementor-widget elementor-widget-spacer\" data-id=\"1e88a95\" data-element_type=\"widget\" data-e-type=\"widget\" data-widget_type=\"spacer.default\">\n\t\t\t\t<div class=\"elementor-widget-container\">\n\t\t\t\t\t\t\t<div class=\"elementor-spacer\">\n\t\t\t<div class=\"elementor-spacer-inner\"><\/div>\n\t\t<\/div>\n\t\t\t\t\t\t<\/div>\n\t\t\t\t<\/div>\n\t\t\t\t\t<\/div>\n\t\t\t\t<\/div>\n\t\t<div class=\"elementor-element elementor-element-8e2322d e-flex e-con-boxed e-con e-parent\" data-id=\"8e2322d\" data-element_type=\"container\" data-e-type=\"container\">\n\t\t\t\t\t<div class=\"e-con-inner\">\n\t\t\t\t<div class=\"elementor-element elementor-element-dab1972 elementor-widget elementor-widget-heading\" data-id=\"dab1972\" data-element_type=\"widget\" data-e-type=\"widget\" data-widget_type=\"heading.default\">\n\t\t\t\t<div class=\"elementor-widget-container\">\n\t\t\t\t\t<h2 class=\"elementor-heading-title elementor-size-default\">CAVALLINO-TREPORTI: LA VACANZA OPEN-AIR VERSO LA SOSTENIBILIT\u00c0<\/h2>\t\t\t\t<\/div>\n\t\t\t\t<\/div>\n\t\t\t\t<div class=\"elementor-element elementor-element-2803415 elementor-widget elementor-widget-text-editor\" data-id=\"2803415\" data-element_type=\"widget\" data-e-type=\"widget\" data-widget_type=\"text-editor.default\">\n\t\t\t\t<div class=\"elementor-widget-container\">\n\t\t\t\t\t\t\t\t\t<p>Il progetto denominato &#8220;CAVALLINO-TREPORTI: LA VACANZA OPEN-AIR VERSO LA SOSTENIBILIT\u00c0&#8221; \u00e8 rivolto alla valorizzazione della destinazione turistica di Cavallino-Treporti, per cui coinvolge l&#8217;O.G.D. Cavallino-Treporti. Esso \u00e8 promosso dal Consorzio di promozione turistica il &#8220;Parco Turistico di Cavallino-Treporti&#8221;, che \u00e8 il capofila, con 25 imprese partecipanti all&#8217;aggregazione.<\/p>\n<p>I prodotti turistici valorizzati sono legati al turismo all&#8217;aria aperta, con declinazione slow&amp;green, legati all&#8217;ecosistema della laguna, al cicloturismo, alla cultura e all&#8217;eno-gastronomia. I mercati sono quello italiano (Veneto, Lombardia, FVG, TAA, Piemonte e Roma) e quello straniero, con Germania, Svizzera, Austria, Olanda e Paesi Scandinavi.<\/p>\n<p>Sono previste specifiche azioni di promo-commercializzazione, di reputazione e notoriet\u00e0, sia con strumenti tradizionali, come lo spot sulla RAI,la stampa specializzata estera e il nuovo catalogo, sia con strumenti on line, tramite il sito, i Social, l\u2019uso di piattaforme innovative. Gli obiettivi principali sono quelli di valorizzare la destinazione turistica come destinazione sostenibile e accessibile; consolidare specifici mercati e acquisirne di nuovi; creare una governance turistica forte e unitaria coerente con il marchio \u201cVeneto The Land of Venice\u201d.<\/p>\n<p><strong><em>Sostegno concesso a S.A.I.T. Societ\u00e0 Adriatica Investimenti Turistici S.r.l. di 22.029,00 \u20ac<\/em><\/strong><\/p>\n\t\t\t\t\t\t\t\t<\/div>\n\t\t\t\t<\/div>\n\t\t\t\t<div class=\"elementor-element elementor-element-4f6f113 elementor-widget elementor-widget-image\" data-id=\"4f6f113\" data-element_type=\"widget\" data-e-type=\"widget\" data-widget_type=\"image.default\">\n\t\t\t\t<div class=\"elementor-widget-container\">\n\t\t\t\t\t\t\t\t\t\t\t\t\t\t\t<img decoding=\"async\" width=\"300\" height=\"41\" src=\"https:\/\/www.campingmediterraneo.it\/wp-content\/uploads\/2022\/04\/loghi-coesione-italia_2-1-300x41.png\" class=\"attachment-medium size-medium wp-image-7189\" alt=\"\" srcset=\"https:\/\/www.campingmediterraneo.it\/wp-content\/uploads\/2022\/04\/loghi-coesione-italia_2-1-300x41.png 300w, https:\/\/www.campingmediterraneo.it\/wp-content\/uploads\/2022\/04\/loghi-coesione-italia_2-1-1024x139.png 1024w, https:\/\/www.campingmediterraneo.it\/wp-content\/uploads\/2022\/04\/loghi-coesione-italia_2-1-768x104.png 768w, https:\/\/www.campingmediterraneo.it\/wp-content\/uploads\/2022\/04\/loghi-coesione-italia_2-1.png 1295w\" sizes=\"(max-width: 300px) 100vw, 300px\" \/>\t\t\t\t\t\t\t\t\t\t\t\t\t\t\t<\/div>\n\t\t\t\t<\/div>\n\t\t\t\t\t<\/div>\n\t\t\t\t<\/div>\n\t\t<div class=\"elementor-element elementor-element-9cd7d06 e-flex e-con-boxed e-con e-parent\" data-id=\"9cd7d06\" data-element_type=\"container\" data-e-type=\"container\">\n\t\t\t\t\t<div class=\"e-con-inner\">\n\t\t\t\t<div class=\"elementor-element elementor-element-9ae269b elementor-widget elementor-widget-spacer\" data-id=\"9ae269b\" data-element_type=\"widget\" data-e-type=\"widget\" data-widget_type=\"spacer.default\">\n\t\t\t\t<div class=\"elementor-widget-container\">\n\t\t\t\t\t\t\t<div class=\"elementor-spacer\">\n\t\t\t<div class=\"elementor-spacer-inner\"><\/div>\n\t\t<\/div>\n\t\t\t\t\t\t<\/div>\n\t\t\t\t<\/div>\n\t\t\t\t\t<\/div>\n\t\t\t\t<\/div>\n\t\t\t\t<\/div>\n\t\t","protected":false},"excerpt":{"rendered":"<p>CAVALLINO-TREPORTI: LA VACANZA OPEN-AIR VERSO LA SOSTENIBILIT\u00c0 Il progetto denominato &#8220;CAVALLINO-TREPORTI: LA VACANZA OPEN-AIR VERSO LA SOSTENIBILIT\u00c0&#8221; \u00e8 rivolto alla valorizzazione della destinazione turistica di Cavallino-Treporti, per cui coinvolge l&#8217;O.G.D. Cavallino-Treporti. Esso \u00e8 promosso dal Consorzio di promozione turistica il &#8220;Parco Turistico di Cavallino-Treporti&#8221;, che \u00e8 il capofila, con 25 imprese partecipanti all&#8217;aggregazione. I prodotti [&hellip;]<\/p>\n","protected":false},"author":1,"featured_media":1620,"parent":0,"menu_order":900,"comment_status":"closed","ping_status":"closed","template":"","meta":{"_acf_changed":false,"footnotes":""},"class_list":["post-7286","page","type-page","status-publish","has-post-thumbnail","hentry"],"acf":[],"yoast_head":"<!-- This site is optimized with the Yoast SEO plugin v27.3 - https:\/\/yoast.com\/product\/yoast-seo-wordpress\/ -->\n<title>Veneto The Land of Venice | Camping Mediterraneo<\/title>\n<meta name=\"description\" content=\"CAVALLINO-TREPORTI: LA VACANZA OPEN-AIR VERSO LA SOSTENIBILIT\u00c0 Il progetto denominato &quot;CAVALLINO-TREPORTI: LA VACANZA OPEN-AIR VERSO LA SOSTENIBILIT\u00c0&quot; \u00e8\" \/>\n<meta name=\"robots\" content=\"index, follow, max-snippet:-1, max-image-preview:large, max-video-preview:-1\" \/>\n<link rel=\"canonical\" href=\"https:\/\/www.campingmediterraneo.it\/en\/veneto-the-land-of-venice\/\" \/>\n<meta property=\"og:locale\" content=\"en_US\" \/>\n<meta property=\"og:type\" content=\"article\" \/>\n<meta property=\"og:title\" content=\"Veneto The Land of Venice | Camping Mediterraneo\" \/>\n<meta property=\"og:description\" content=\"CAVALLINO-TREPORTI: LA VACANZA OPEN-AIR VERSO LA SOSTENIBILIT\u00c0 Il progetto denominato &quot;CAVALLINO-TREPORTI: LA VACANZA OPEN-AIR VERSO LA SOSTENIBILIT\u00c0&quot; \u00e8\" \/>\n<meta property=\"og:url\" content=\"https:\/\/www.campingmediterraneo.it\/en\/veneto-the-land-of-venice\/\" \/>\n<meta property=\"og:site_name\" content=\"Camping Mediterraneo\" \/>\n<meta property=\"article:publisher\" content=\"https:\/\/www.facebook.com\/campingmediterraneo\" \/>\n<meta property=\"article:modified_time\" content=\"2026-03-27T09:54:14+00:00\" \/>\n<meta property=\"og:image\" content=\"https:\/\/www.campingmediterraneo.it\/wp-content\/uploads\/2022\/05\/Camping-Mediterraneo-Cavallino-Jesolo-Venezia.jpg\" \/>\n\t<meta property=\"og:image:width\" content=\"1600\" \/>\n\t<meta property=\"og:image:height\" content=\"1000\" \/>\n\t<meta property=\"og:image:type\" content=\"image\/jpeg\" \/>\n<meta name=\"twitter:card\" content=\"summary_large_image\" \/>\n<script type=\"application\/ld+json\" class=\"yoast-schema-graph\">{\"@context\":\"https:\\\/\\\/schema.org\",\"@graph\":[{\"@type\":\"WebPage\",\"@id\":\"https:\\\/\\\/www.campingmediterraneo.it\\\/en\\\/veneto-the-land-of-venice\\\/\",\"url\":\"https:\\\/\\\/www.campingmediterraneo.it\\\/en\\\/veneto-the-land-of-venice\\\/\",\"name\":\"Veneto The Land of Venice | Camping Mediterraneo\",\"isPartOf\":{\"@id\":\"https:\\\/\\\/www.campingmediterraneo.it\\\/en\\\/#website\"},\"primaryImageOfPage\":{\"@id\":\"https:\\\/\\\/www.campingmediterraneo.it\\\/en\\\/veneto-the-land-of-venice\\\/#primaryimage\"},\"image\":{\"@id\":\"https:\\\/\\\/www.campingmediterraneo.it\\\/en\\\/veneto-the-land-of-venice\\\/#primaryimage\"},\"thumbnailUrl\":\"https:\\\/\\\/www.campingmediterraneo.it\\\/wp-content\\\/uploads\\\/2022\\\/05\\\/Camping-Mediterraneo-Cavallino-Jesolo-Venezia.jpg\",\"datePublished\":\"2024-11-21T08:49:56+00:00\",\"dateModified\":\"2026-03-27T09:54:14+00:00\",\"description\":\"CAVALLINO-TREPORTI: LA VACANZA OPEN-AIR VERSO LA SOSTENIBILIT\u00c0 Il progetto denominato \\\"CAVALLINO-TREPORTI: LA VACANZA OPEN-AIR VERSO LA SOSTENIBILIT\u00c0\\\" \u00e8\",\"breadcrumb\":{\"@id\":\"https:\\\/\\\/www.campingmediterraneo.it\\\/en\\\/veneto-the-land-of-venice\\\/#breadcrumb\"},\"inLanguage\":\"en-US\",\"potentialAction\":[{\"@type\":\"ReadAction\",\"target\":[\"https:\\\/\\\/www.campingmediterraneo.it\\\/en\\\/veneto-the-land-of-venice\\\/\"]}]},{\"@type\":\"ImageObject\",\"inLanguage\":\"en-US\",\"@id\":\"https:\\\/\\\/www.campingmediterraneo.it\\\/en\\\/veneto-the-land-of-venice\\\/#primaryimage\",\"url\":\"https:\\\/\\\/www.campingmediterraneo.it\\\/wp-content\\\/uploads\\\/2022\\\/05\\\/Camping-Mediterraneo-Cavallino-Jesolo-Venezia.jpg\",\"contentUrl\":\"https:\\\/\\\/www.campingmediterraneo.it\\\/wp-content\\\/uploads\\\/2022\\\/05\\\/Camping-Mediterraneo-Cavallino-Jesolo-Venezia.jpg\",\"width\":1600,\"height\":1000},{\"@type\":\"BreadcrumbList\",\"@id\":\"https:\\\/\\\/www.campingmediterraneo.it\\\/en\\\/veneto-the-land-of-venice\\\/#breadcrumb\",\"itemListElement\":[{\"@type\":\"ListItem\",\"position\":1,\"name\":\"Home\",\"item\":\"https:\\\/\\\/www.campingmediterraneo.it\\\/en\\\/\"},{\"@type\":\"ListItem\",\"position\":2,\"name\":\"Veneto The Land of Venice\"}]},{\"@type\":\"WebSite\",\"@id\":\"https:\\\/\\\/www.campingmediterraneo.it\\\/en\\\/#website\",\"url\":\"https:\\\/\\\/www.campingmediterraneo.it\\\/en\\\/\",\"name\":\"Camping Mediterraneo\",\"description\":\"Tante soluzioni di Vacanza in una rigogliosa Pineta a due Passi dal Mare vicino Jesolo\",\"publisher\":{\"@id\":\"https:\\\/\\\/www.campingmediterraneo.it\\\/en\\\/#organization\"},\"potentialAction\":[{\"@type\":\"SearchAction\",\"target\":{\"@type\":\"EntryPoint\",\"urlTemplate\":\"https:\\\/\\\/www.campingmediterraneo.it\\\/en\\\/?s={search_term_string}\"},\"query-input\":{\"@type\":\"PropertyValueSpecification\",\"valueRequired\":true,\"valueName\":\"search_term_string\"}}],\"inLanguage\":\"en-US\"},{\"@type\":\"Organization\",\"@id\":\"https:\\\/\\\/www.campingmediterraneo.it\\\/en\\\/#organization\",\"name\":\"Camping Mediterraneo\",\"url\":\"https:\\\/\\\/www.campingmediterraneo.it\\\/en\\\/\",\"logo\":{\"@type\":\"ImageObject\",\"inLanguage\":\"en-US\",\"@id\":\"https:\\\/\\\/www.campingmediterraneo.it\\\/en\\\/#\\\/schema\\\/logo\\\/image\\\/\",\"url\":\"https:\\\/\\\/staging.campingmediterraneo.it\\\/wp-content\\\/uploads\\\/2022\\\/04\\\/SAIT_Camping-Mediterraneo.png\",\"contentUrl\":\"https:\\\/\\\/staging.campingmediterraneo.it\\\/wp-content\\\/uploads\\\/2022\\\/04\\\/SAIT_Camping-Mediterraneo.png\",\"width\":512,\"height\":256,\"caption\":\"Camping Mediterraneo\"},\"image\":{\"@id\":\"https:\\\/\\\/www.campingmediterraneo.it\\\/en\\\/#\\\/schema\\\/logo\\\/image\\\/\"},\"sameAs\":[\"https:\\\/\\\/www.facebook.com\\\/campingmediterraneo\",\"http:\\\/\\\/instagram.com\\\/campingmediterraneo\",\"http:\\\/\\\/www.tripadvisor.it\\\/Hotel_Review-g194724-d1838649-Reviews-Camping_Village_Mediterraneo-Cavallino_Treporti_Veneto.html\",\"https:\\\/\\\/www.youtube.com\\\/channel\\\/UCefYrRHsHyhbOhZvgqH5F-Q\"]}]}<\/script>\n<!-- \/ Yoast SEO plugin. -->","yoast_head_json":{"title":"Veneto The Land of Venice | Camping Mediterraneo","description":"CAVALLINO-TREPORTI: LA VACANZA OPEN-AIR VERSO LA SOSTENIBILIT\u00c0 Il progetto denominato \"CAVALLINO-TREPORTI: LA VACANZA OPEN-AIR VERSO LA SOSTENIBILIT\u00c0\" \u00e8","robots":{"index":"index","follow":"follow","max-snippet":"max-snippet:-1","max-image-preview":"max-image-preview:large","max-video-preview":"max-video-preview:-1"},"canonical":"https:\/\/www.campingmediterraneo.it\/en\/veneto-the-land-of-venice\/","og_locale":"en_US","og_type":"article","og_title":"Veneto The Land of Venice | Camping Mediterraneo","og_description":"CAVALLINO-TREPORTI: LA VACANZA OPEN-AIR VERSO LA SOSTENIBILIT\u00c0 Il progetto denominato \"CAVALLINO-TREPORTI: LA VACANZA OPEN-AIR VERSO LA SOSTENIBILIT\u00c0\" \u00e8","og_url":"https:\/\/www.campingmediterraneo.it\/en\/veneto-the-land-of-venice\/","og_site_name":"Camping Mediterraneo","article_publisher":"https:\/\/www.facebook.com\/campingmediterraneo","article_modified_time":"2026-03-27T09:54:14+00:00","og_image":[{"width":1600,"height":1000,"url":"https:\/\/www.campingmediterraneo.it\/wp-content\/uploads\/2022\/05\/Camping-Mediterraneo-Cavallino-Jesolo-Venezia.jpg","type":"image\/jpeg"}],"twitter_card":"summary_large_image","schema":{"@context":"https:\/\/schema.org","@graph":[{"@type":"WebPage","@id":"https:\/\/www.campingmediterraneo.it\/en\/veneto-the-land-of-venice\/","url":"https:\/\/www.campingmediterraneo.it\/en\/veneto-the-land-of-venice\/","name":"Veneto The Land of Venice | Camping Mediterraneo","isPartOf":{"@id":"https:\/\/www.campingmediterraneo.it\/en\/#website"},"primaryImageOfPage":{"@id":"https:\/\/www.campingmediterraneo.it\/en\/veneto-the-land-of-venice\/#primaryimage"},"image":{"@id":"https:\/\/www.campingmediterraneo.it\/en\/veneto-the-land-of-venice\/#primaryimage"},"thumbnailUrl":"https:\/\/www.campingmediterraneo.it\/wp-content\/uploads\/2022\/05\/Camping-Mediterraneo-Cavallino-Jesolo-Venezia.jpg","datePublished":"2024-11-21T08:49:56+00:00","dateModified":"2026-03-27T09:54:14+00:00","description":"CAVALLINO-TREPORTI: LA VACANZA OPEN-AIR VERSO LA SOSTENIBILIT\u00c0 Il progetto denominato \"CAVALLINO-TREPORTI: LA VACANZA OPEN-AIR VERSO LA SOSTENIBILIT\u00c0\" \u00e8","breadcrumb":{"@id":"https:\/\/www.campingmediterraneo.it\/en\/veneto-the-land-of-venice\/#breadcrumb"},"inLanguage":"en-US","potentialAction":[{"@type":"ReadAction","target":["https:\/\/www.campingmediterraneo.it\/en\/veneto-the-land-of-venice\/"]}]},{"@type":"ImageObject","inLanguage":"en-US","@id":"https:\/\/www.campingmediterraneo.it\/en\/veneto-the-land-of-venice\/#primaryimage","url":"https:\/\/www.campingmediterraneo.it\/wp-content\/uploads\/2022\/05\/Camping-Mediterraneo-Cavallino-Jesolo-Venezia.jpg","contentUrl":"https:\/\/www.campingmediterraneo.it\/wp-content\/uploads\/2022\/05\/Camping-Mediterraneo-Cavallino-Jesolo-Venezia.jpg","width":1600,"height":1000},{"@type":"BreadcrumbList","@id":"https:\/\/www.campingmediterraneo.it\/en\/veneto-the-land-of-venice\/#breadcrumb","itemListElement":[{"@type":"ListItem","position":1,"name":"Home","item":"https:\/\/www.campingmediterraneo.it\/en\/"},{"@type":"ListItem","position":2,"name":"Veneto The Land of Venice"}]},{"@type":"WebSite","@id":"https:\/\/www.campingmediterraneo.it\/en\/#website","url":"https:\/\/www.campingmediterraneo.it\/en\/","name":"Camping Mediterraneo","description":"Tante soluzioni di Vacanza in una rigogliosa Pineta a due Passi dal Mare vicino Jesolo","publisher":{"@id":"https:\/\/www.campingmediterraneo.it\/en\/#organization"},"potentialAction":[{"@type":"SearchAction","target":{"@type":"EntryPoint","urlTemplate":"https:\/\/www.campingmediterraneo.it\/en\/?s={search_term_string}"},"query-input":{"@type":"PropertyValueSpecification","valueRequired":true,"valueName":"search_term_string"}}],"inLanguage":"en-US"},{"@type":"Organization","@id":"https:\/\/www.campingmediterraneo.it\/en\/#organization","name":"Camping Mediterraneo","url":"https:\/\/www.campingmediterraneo.it\/en\/","logo":{"@type":"ImageObject","inLanguage":"en-US","@id":"https:\/\/www.campingmediterraneo.it\/en\/#\/schema\/logo\/image\/","url":"https:\/\/staging.campingmediterraneo.it\/wp-content\/uploads\/2022\/04\/SAIT_Camping-Mediterraneo.png","contentUrl":"https:\/\/staging.campingmediterraneo.it\/wp-content\/uploads\/2022\/04\/SAIT_Camping-Mediterraneo.png","width":512,"height":256,"caption":"Camping Mediterraneo"},"image":{"@id":"https:\/\/www.campingmediterraneo.it\/en\/#\/schema\/logo\/image\/"},"sameAs":["https:\/\/www.facebook.com\/campingmediterraneo","http:\/\/instagram.com\/campingmediterraneo","http:\/\/www.tripadvisor.it\/Hotel_Review-g194724-d1838649-Reviews-Camping_Village_Mediterraneo-Cavallino_Treporti_Veneto.html","https:\/\/www.youtube.com\/channel\/UCefYrRHsHyhbOhZvgqH5F-Q"]}]}},"_links":{"self":[{"href":"https:\/\/www.campingmediterraneo.it\/en\/wp-json\/wp\/v2\/pages\/7286","targetHints":{"allow":["GET"]}}],"collection":[{"href":"https:\/\/www.campingmediterraneo.it\/en\/wp-json\/wp\/v2\/pages"}],"about":[{"href":"https:\/\/www.campingmediterraneo.it\/en\/wp-json\/wp\/v2\/types\/page"}],"author":[{"embeddable":true,"href":"https:\/\/www.campingmediterraneo.it\/en\/wp-json\/wp\/v2\/users\/1"}],"replies":[{"embeddable":true,"href":"https:\/\/www.campingmediterraneo.it\/en\/wp-json\/wp\/v2\/comments?post=7286"}],"version-history":[{"count":0,"href":"https:\/\/www.campingmediterraneo.it\/en\/wp-json\/wp\/v2\/pages\/7286\/revisions"}],"wp:featuredmedia":[{"embeddable":true,"href":"https:\/\/www.campingmediterraneo.it\/en\/wp-json\/wp\/v2\/media\/1620"}],"wp:attachment":[{"href":"https:\/\/www.campingmediterraneo.it\/en\/wp-json\/wp\/v2\/media?parent=7286"}],"curies":[{"name":"wp","href":"https:\/\/api.w.org\/{rel}","templated":true}]}}